{"id":567,"date":"2022-09-21T11:43:01","date_gmt":"2022-09-21T09:43:01","guid":{"rendered":"https:\/\/www.sospatrimonio.org\/objectius\/"},"modified":"2023-08-08T13:50:05","modified_gmt":"2023-08-08T11:50:05","slug":"objectius","status":"publish","type":"page","link":"https:\/\/www.sospatrimonio.org\/ca\/objectius\/","title":{"rendered":"Objectius"},"content":{"rendered":"\t\t<div data-elementor-type=\"wp-page\" data-elementor-id=\"567\" class=\"elementor elementor-567 elementor-233\">\n\t\t\t\t\t\t\t\t\t<section class=\"elementor-section elementor-top-section elementor-element elementor-element-ad9053c elementor-section-boxed elementor-section-height-default elementor-section-height-default\" data-id=\"ad9053c\" data-element_type=\"section\" data-settings=\"{&quot;jet_parallax_layout_list&quot;:[]}\">\n\t\t\t\t\t\t\t<div class=\"elementor-background-overlay\"><\/div>\n\t\t\t\t\t\t\t<div class=\"elementor-container elementor-column-gap-default\">\n\t\t\t\t\t<div class=\"elementor-column elementor-col-50 elementor-top-column elementor-element elementor-element-df1b089\" data-id=\"df1b089\" data-element_type=\"column\">\n\t\t\t<div class=\"elementor-widget-wrap elementor-element-populated\">\n\t\t\t\t\t\t\t\t<div class=\"elementor-element elementor-element-3710c68 elementor-widget elementor-widget-heading\" data-id=\"3710c68\" data-element_type=\"widget\" data-widget_type=\"heading.default\">\n\t\t\t\t<div class=\"elementor-widget-container\">\n\t\t\t<style>\/*! elementor - v3.13.0 - 08-05-2023 *\/\n.elementor-heading-title{padding:0;margin:0;line-height:1}.elementor-widget-heading .elementor-heading-title[class*=elementor-size-]>a{color:inherit;font-size:inherit;line-height:inherit}.elementor-widget-heading .elementor-heading-title.elementor-size-small{font-size:15px}.elementor-widget-heading .elementor-heading-title.elementor-size-medium{font-size:19px}.elementor-widget-heading .elementor-heading-title.elementor-size-large{font-size:29px}.elementor-widget-heading .elementor-heading-title.elementor-size-xl{font-size:39px}.elementor-widget-heading .elementor-heading-title.elementor-size-xxl{font-size:59px}<\/style><h2 class=\"elementor-heading-title elementor-size-default\">Objectius<\/h2>\t\t<\/div>\n\t\t\t\t<\/div>\n\t\t\t\t<div class=\"elementor-element elementor-element-23ddc84 elementor-widget elementor-widget-text-editor\" data-id=\"23ddc84\" data-element_type=\"widget\" data-widget_type=\"text-editor.default\">\n\t\t\t\t<div class=\"elementor-widget-container\">\n\t\t\t<style>\/*! elementor - v3.13.0 - 08-05-2023 *\/\n.elementor-widget-text-editor.elementor-drop-cap-view-stacked .elementor-drop-cap{background-color:#69727d;color:#fff}.elementor-widget-text-editor.elementor-drop-cap-view-framed .elementor-drop-cap{color:#69727d;border:3px solid;background-color:transparent}.elementor-widget-text-editor:not(.elementor-drop-cap-view-default) .elementor-drop-cap{margin-top:8px}.elementor-widget-text-editor:not(.elementor-drop-cap-view-default) .elementor-drop-cap-letter{width:1em;height:1em}.elementor-widget-text-editor .elementor-drop-cap{float:left;text-align:center;line-height:1;font-size:50px}.elementor-widget-text-editor .elementor-drop-cap-letter{display:inline-block}<\/style>\t\t\t\t<p>Aquesta web ha estat creada pel <a href=\"https:\/\/ibeam.es\/\">Institut Balear d\u2019Estudis en Arqueologia Mar\u00edtima (IBEAM)<\/a>, una organitzaci\u00f3 sense \u00e0nim de lucre, formada per professionals de l&#8217;arqueologia subaqu\u00e0tica, que t\u00e9 com a principal objectiu protegir el Patrimoni Cultural Subaqu\u00e0tic de les Balears a trav\u00e9s de projectes de recerca, conservaci\u00f3 i difusi\u00f3.<\/p>\n\t\t\t\t\t\t<\/div>\n\t\t\t\t<\/div>\n\t\t\t\t<div class=\"elementor-element elementor-element-781e0bb elementor-widget__width-initial elementor-widget elementor-widget-spacer\" data-id=\"781e0bb\" data-element_type=\"widget\" data-widget_type=\"spacer.default\">\n\t\t\t\t<div class=\"elementor-widget-container\">\n\t\t\t<style>\/*! elementor - v3.13.0 - 08-05-2023 *\/\n.elementor-column .elementor-spacer-inner{height:var(--spacer-size)}.e-con{--container-widget-width:100%}.e-con-inner>.elementor-widget-spacer,.e-con>.elementor-widget-spacer{width:var(--container-widget-width,var(--spacer-size));--align-self:var(--container-widget-align-self,initial);--flex-shrink:0}.e-con-inner>.elementor-widget-spacer>.elementor-widget-container,.e-con-inner>.elementor-widget-spacer>.elementor-widget-container>.elementor-spacer,.e-con>.elementor-widget-spacer>.elementor-widget-container,.e-con>.elementor-widget-spacer>.elementor-widget-container>.elementor-spacer{height:100%}.e-con-inner>.elementor-widget-spacer>.elementor-widget-container>.elementor-spacer>.elementor-spacer-inner,.e-con>.elementor-widget-spacer>.elementor-widget-container>.elementor-spacer>.elementor-spacer-inner{height:var(--container-widget-height,var(--spacer-size))}<\/style>\t\t<div class=\"elementor-spacer\">\n\t\t\t<div class=\"elementor-spacer-inner\"><\/div>\n\t\t<\/div>\n\t\t\t\t<\/div>\n\t\t\t\t<\/div>\n\t\t\t\t\t<\/div>\n\t\t<\/div>\n\t\t\t\t<div class=\"elementor-column elementor-col-50 elementor-top-column elementor-element elementor-element-b054272 elementor-hidden-tablet elementor-hidden-mobile\" data-id=\"b054272\" data-element_type=\"column\">\n\t\t\t<div class=\"elementor-widget-wrap\">\n\t\t\t\t\t\t\t\t\t<\/div>\n\t\t<\/div>\n\t\t\t\t\t\t\t<\/div>\n\t\t<\/section>\n\t\t\t\t<section class=\"elementor-section elementor-top-section elementor-element elementor-element-7250ee1 elementor-section-full_width elementor-section-height-min-height elementor-section-height-default elementor-section-items-middle\" data-id=\"7250ee1\" data-element_type=\"section\" data-settings=\"{&quot;background_background&quot;:&quot;gradient&quot;,&quot;jet_parallax_layout_list&quot;:[]}\">\n\t\t\t\t\t\t\t<div class=\"elementor-background-overlay\"><\/div>\n\t\t\t\t\t\t\t<div class=\"elementor-container elementor-column-gap-default\">\n\t\t\t\t\t<div class=\"elementor-column elementor-col-100 elementor-top-column elementor-element elementor-element-6e9c8a3\" data-id=\"6e9c8a3\" data-element_type=\"column\">\n\t\t\t<div class=\"elementor-widget-wrap elementor-element-populated\">\n\t\t\t\t\t\t\t\t<div class=\"elementor-element elementor-element-7570e8d elementor-widget elementor-widget-spacer\" data-id=\"7570e8d\" data-element_type=\"widget\" data-widget_type=\"spacer.default\">\n\t\t\t\t<div class=\"elementor-widget-container\">\n\t\t\t\t\t<div class=\"elementor-spacer\">\n\t\t\t<div class=\"elementor-spacer-inner\"><\/div>\n\t\t<\/div>\n\t\t\t\t<\/div>\n\t\t\t\t<\/div>\n\t\t\t\t\t<\/div>\n\t\t<\/div>\n\t\t\t\t\t\t\t<\/div>\n\t\t<\/section>\n\t\t\t\t<section class=\"elementor-section elementor-top-section elementor-element elementor-element-760d2f2 elementor-section-boxed elementor-section-height-default elementor-section-height-default\" data-id=\"760d2f2\" data-element_type=\"section\" data-settings=\"{&quot;jet_parallax_layout_list&quot;:[],&quot;background_background&quot;:&quot;gradient&quot;}\">\n\t\t\t\t\t\t<div class=\"elementor-container elementor-column-gap-default\">\n\t\t\t\t\t<div class=\"elementor-column elementor-col-50 elementor-top-column elementor-element elementor-element-ce6a89b\" data-id=\"ce6a89b\" data-element_type=\"column\">\n\t\t\t<div class=\"elementor-widget-wrap elementor-element-populated\">\n\t\t\t\t\t\t\t\t<div class=\"elementor-element elementor-element-f351632 elementor-widget elementor-widget-heading\" data-id=\"f351632\" data-element_type=\"widget\" data-widget_type=\"heading.default\">\n\t\t\t\t<div class=\"elementor-widget-container\">\n\t\t\t<h2 class=\"elementor-heading-title elementor-size-default\">Consci\u00e8ncia social<\/h2>\t\t<\/div>\n\t\t\t\t<\/div>\n\t\t\t\t<div class=\"elementor-element elementor-element-2d0d542 elementor-widget elementor-widget-text-editor\" data-id=\"2d0d542\" data-element_type=\"widget\" data-widget_type=\"text-editor.default\">\n\t\t\t\t<div class=\"elementor-widget-container\">\n\t\t\t\t\t\t\t<p class=\"p1\">La web SOS Patrimoni \u00e9s una eina que afavoreix el di\u00e0leg entre la comunitat local i l\u2019administraci\u00f3 competent, i facilita la comunicaci\u00f3 de troballes arqueol\u00f2giques subaqu\u00e0tiques fortu\u00eftes.<\/p>\t\t\t\t\t\t<\/div>\n\t\t\t\t<\/div>\n\t\t\t\t<div class=\"elementor-element elementor-element-fc47cf8 elementor-widget elementor-widget-text-editor\" data-id=\"fc47cf8\" data-element_type=\"widget\" data-widget_type=\"text-editor.default\">\n\t\t\t\t<div class=\"elementor-widget-container\">\n\t\t\t\t\t\t\t<p class=\"p1\">L\u2019objectiu final d\u2019aquest projecte \u00e9s fomentar la consci\u00e8ncia social, en el conjunt de la ciutadania, sobre la necessitat de protegir i preservar per a futures generacions el nostre patrimoni cultural subaqu\u00e0tic.<\/p>\n\t\t\t\t\t\t<\/div>\n\t\t\t\t<\/div>\n\t\t\t\t\t<\/div>\n\t\t<\/div>\n\t\t\t\t<div class=\"elementor-column elementor-col-50 elementor-top-column elementor-element elementor-element-ba527d3\" data-id=\"ba527d3\" data-element_type=\"column\">\n\t\t\t<div class=\"elementor-widget-wrap elementor-element-populated\">\n\t\t\t\t\t\t\t\t<div class=\"elementor-element elementor-element-1ed1fdb elementor-widget elementor-widget-image\" data-id=\"1ed1fdb\" data-element_type=\"widget\" data-widget_type=\"image.default\">\n\t\t\t\t<div class=\"elementor-widget-container\">\n\t\t\t<style>\/*! elementor - v3.13.0 - 08-05-2023 *\/\n.elementor-widget-image{text-align:center}.elementor-widget-image a{display:inline-block}.elementor-widget-image a img[src$=\".svg\"]{width:48px}.elementor-widget-image img{vertical-align:middle;display:inline-block}<\/style>\t\t\t\t\t\t\t\t\t\t\t\t<img loading=\"lazy\" decoding=\"async\" width=\"1142\" height=\"1609\" src=\"https:\/\/www.sospatrimonio.org\/wp-content\/uploads\/2022\/09\/buzo-vertical.svg\" class=\"attachment-full size-full wp-image-236\" alt=\"\" \/>\t\t\t\t\t\t\t\t\t\t\t\t\t\t\t<\/div>\n\t\t\t\t<\/div>\n\t\t\t\t\t<\/div>\n\t\t<\/div>\n\t\t\t\t\t\t\t<\/div>\n\t\t<\/section>\n\t\t\t\t\t\t\t<\/div>\n\t\t","protected":false},"excerpt":{"rendered":"<p>Objectius Aquesta web ha estat creada pel Institut Balear d\u2019Estudis en Arqueologia Mar\u00edtima (IBEAM), una organitzaci\u00f3 sense \u00e0nim de lucre, formada per professionals de l&#8217;arqueologia subaqu\u00e0tica, que t\u00e9 com a principal objectiu protegir el Patrimoni Cultural Subaqu\u00e0tic de les Balears a trav\u00e9s de projectes de recerca, conservaci\u00f3 i difusi\u00f3. Consci\u00e8ncia social La web SOS Patrimoni [&hellip;]<\/p>\n","protected":false},"author":1,"featured_media":0,"parent":0,"menu_order":0,"comment_status":"closed","ping_status":"closed","template":"","meta":{"inline_featured_image":false,"footnotes":""},"class_list":["post-567","page","type-page","status-publish","hentry"],"yoast_head":"<!-- This site is optimized with the Yoast SEO plugin v20.7 - https:\/\/yoast.com\/wordpress\/plugins\/seo\/ -->\n<title>Objectius - SOS Patrimonio<\/title>\n<meta name=\"robots\" content=\"index, follow, max-snippet:-1, max-image-preview:large, max-video-preview:-1\" \/>\n<link rel=\"canonical\" href=\"https:\/\/www.sospatrimonio.org\/objetivos\/\" \/>\n<meta property=\"og:locale\" content=\"ca_ES\" \/>\n<meta property=\"og:type\" content=\"article\" \/>\n<meta property=\"og:title\" content=\"Objectius - SOS Patrimonio\" \/>\n<meta property=\"og:description\" content=\"Objectius Aquesta web ha estat creada pel Institut Balear d\u2019Estudis en Arqueologia Mar\u00edtima (IBEAM), una organitzaci\u00f3 sense \u00e0nim de lucre, formada per professionals de l&#8217;arqueologia subaqu\u00e0tica, que t\u00e9 com a principal objectiu protegir el Patrimoni Cultural Subaqu\u00e0tic de les Balears a trav\u00e9s de projectes de recerca, conservaci\u00f3 i difusi\u00f3. Consci\u00e8ncia social La web SOS Patrimoni [&hellip;]\" \/>\n<meta property=\"og:url\" content=\"https:\/\/www.sospatrimonio.org\/objetivos\/\" \/>\n<meta property=\"og:site_name\" content=\"SOS Patrimonio\" \/>\n<meta property=\"article:modified_time\" content=\"2023-08-08T11:50:05+00:00\" \/>\n<meta property=\"og:image\" content=\"https:\/\/www.sospatrimonio.org\/wp-content\/uploads\/2022\/09\/buzo-vertical.svg\" \/>\n<meta name=\"twitter:card\" content=\"summary_large_image\" \/>\n<meta name=\"twitter:label1\" content=\"Temps estimat de lectura\" \/>\n\t<meta name=\"twitter:data1\" content=\"1 minut\" \/>\n<script type=\"application\/ld+json\" class=\"yoast-schema-graph\">{\"@context\":\"https:\/\/schema.org\",\"@graph\":[{\"@type\":\"WebPage\",\"@id\":\"https:\/\/www.sospatrimonio.org\/objetivos\/\",\"url\":\"https:\/\/www.sospatrimonio.org\/objetivos\/\",\"name\":\"Objectius - SOS Patrimonio\",\"isPartOf\":{\"@id\":\"https:\/\/www.sospatrimonio.org\/#website\"},\"datePublished\":\"2022-09-21T09:43:01+00:00\",\"dateModified\":\"2023-08-08T11:50:05+00:00\",\"breadcrumb\":{\"@id\":\"https:\/\/www.sospatrimonio.org\/objetivos\/#breadcrumb\"},\"inLanguage\":\"ca\",\"potentialAction\":[{\"@type\":\"ReadAction\",\"target\":[\"https:\/\/www.sospatrimonio.org\/objetivos\/\"]}]},{\"@type\":\"BreadcrumbList\",\"@id\":\"https:\/\/www.sospatrimonio.org\/objetivos\/#breadcrumb\",\"itemListElement\":[{\"@type\":\"ListItem\",\"position\":1,\"name\":\"Portada\",\"item\":\"https:\/\/www.sospatrimonio.org\/ca\/\"},{\"@type\":\"ListItem\",\"position\":2,\"name\":\"Objectius\"}]},{\"@type\":\"WebSite\",\"@id\":\"https:\/\/www.sospatrimonio.org\/#website\",\"url\":\"https:\/\/www.sospatrimonio.org\/\",\"name\":\"SOS Patrimonio\",\"description\":\"Ay\u00fadanos a proteger el Patrimonio Cultural Subacu\u00e1tico\",\"publisher\":{\"@id\":\"https:\/\/www.sospatrimonio.org\/#organization\"},\"potentialAction\":[{\"@type\":\"SearchAction\",\"target\":{\"@type\":\"EntryPoint\",\"urlTemplate\":\"https:\/\/www.sospatrimonio.org\/?s={search_term_string}\"},\"query-input\":\"required name=search_term_string\"}],\"inLanguage\":\"ca\"},{\"@type\":\"Organization\",\"@id\":\"https:\/\/www.sospatrimonio.org\/#organization\",\"name\":\"SOS Patrimonio\",\"url\":\"https:\/\/www.sospatrimonio.org\/\",\"logo\":{\"@type\":\"ImageObject\",\"inLanguage\":\"ca\",\"@id\":\"https:\/\/www.sospatrimonio.org\/#\/schema\/logo\/image\/\",\"url\":\"https:\/\/www.sospatrimonio.org\/wp-content\/uploads\/2023\/05\/sos-imagen-212.jpg\",\"contentUrl\":\"https:\/\/www.sospatrimonio.org\/wp-content\/uploads\/2023\/05\/sos-imagen-212.jpg\",\"width\":212,\"height\":212,\"caption\":\"SOS Patrimonio\"},\"image\":{\"@id\":\"https:\/\/www.sospatrimonio.org\/#\/schema\/logo\/image\/\"}}]}<\/script>\n<!-- \/ Yoast SEO plugin. -->","yoast_head_json":{"title":"Objectius - SOS Patrimonio","robots":{"index":"index","follow":"follow","max-snippet":"max-snippet:-1","max-image-preview":"max-image-preview:large","max-video-preview":"max-video-preview:-1"},"canonical":"https:\/\/www.sospatrimonio.org\/objetivos\/","og_locale":"ca_ES","og_type":"article","og_title":"Objectius - SOS Patrimonio","og_description":"Objectius Aquesta web ha estat creada pel Institut Balear d\u2019Estudis en Arqueologia Mar\u00edtima (IBEAM), una organitzaci\u00f3 sense \u00e0nim de lucre, formada per professionals de l&#8217;arqueologia subaqu\u00e0tica, que t\u00e9 com a principal objectiu protegir el Patrimoni Cultural Subaqu\u00e0tic de les Balears a trav\u00e9s de projectes de recerca, conservaci\u00f3 i difusi\u00f3. Consci\u00e8ncia social La web SOS Patrimoni [&hellip;]","og_url":"https:\/\/www.sospatrimonio.org\/objetivos\/","og_site_name":"SOS Patrimonio","article_modified_time":"2023-08-08T11:50:05+00:00","og_image":[{"url":"https:\/\/www.sospatrimonio.org\/wp-content\/uploads\/2022\/09\/buzo-vertical.svg"}],"twitter_card":"summary_large_image","twitter_misc":{"Temps estimat de lectura":"1 minut"},"schema":{"@context":"https:\/\/schema.org","@graph":[{"@type":"WebPage","@id":"https:\/\/www.sospatrimonio.org\/objetivos\/","url":"https:\/\/www.sospatrimonio.org\/objetivos\/","name":"Objectius - SOS Patrimonio","isPartOf":{"@id":"https:\/\/www.sospatrimonio.org\/#website"},"datePublished":"2022-09-21T09:43:01+00:00","dateModified":"2023-08-08T11:50:05+00:00","breadcrumb":{"@id":"https:\/\/www.sospatrimonio.org\/objetivos\/#breadcrumb"},"inLanguage":"ca","potentialAction":[{"@type":"ReadAction","target":["https:\/\/www.sospatrimonio.org\/objetivos\/"]}]},{"@type":"BreadcrumbList","@id":"https:\/\/www.sospatrimonio.org\/objetivos\/#breadcrumb","itemListElement":[{"@type":"ListItem","position":1,"name":"Portada","item":"https:\/\/www.sospatrimonio.org\/ca\/"},{"@type":"ListItem","position":2,"name":"Objectius"}]},{"@type":"WebSite","@id":"https:\/\/www.sospatrimonio.org\/#website","url":"https:\/\/www.sospatrimonio.org\/","name":"SOS Patrimonio","description":"Ay\u00fadanos a proteger el Patrimonio Cultural Subacu\u00e1tico","publisher":{"@id":"https:\/\/www.sospatrimonio.org\/#organization"},"potentialAction":[{"@type":"SearchAction","target":{"@type":"EntryPoint","urlTemplate":"https:\/\/www.sospatrimonio.org\/?s={search_term_string}"},"query-input":"required name=search_term_string"}],"inLanguage":"ca"},{"@type":"Organization","@id":"https:\/\/www.sospatrimonio.org\/#organization","name":"SOS Patrimonio","url":"https:\/\/www.sospatrimonio.org\/","logo":{"@type":"ImageObject","inLanguage":"ca","@id":"https:\/\/www.sospatrimonio.org\/#\/schema\/logo\/image\/","url":"https:\/\/www.sospatrimonio.org\/wp-content\/uploads\/2023\/05\/sos-imagen-212.jpg","contentUrl":"https:\/\/www.sospatrimonio.org\/wp-content\/uploads\/2023\/05\/sos-imagen-212.jpg","width":212,"height":212,"caption":"SOS Patrimonio"},"image":{"@id":"https:\/\/www.sospatrimonio.org\/#\/schema\/logo\/image\/"}}]}},"_links":{"self":[{"href":"https:\/\/www.sospatrimonio.org\/ca\/wp-json\/wp\/v2\/pages\/567","targetHints":{"allow":["GET"]}}],"collection":[{"href":"https:\/\/www.sospatrimonio.org\/ca\/wp-json\/wp\/v2\/pages"}],"about":[{"href":"https:\/\/www.sospatrimonio.org\/ca\/wp-json\/wp\/v2\/types\/page"}],"author":[{"embeddable":true,"href":"https:\/\/www.sospatrimonio.org\/ca\/wp-json\/wp\/v2\/users\/1"}],"replies":[{"embeddable":true,"href":"https:\/\/www.sospatrimonio.org\/ca\/wp-json\/wp\/v2\/comments?post=567"}],"version-history":[{"count":4,"href":"https:\/\/www.sospatrimonio.org\/ca\/wp-json\/wp\/v2\/pages\/567\/revisions"}],"predecessor-version":[{"id":928,"href":"https:\/\/www.sospatrimonio.org\/ca\/wp-json\/wp\/v2\/pages\/567\/revisions\/928"}],"wp:attachment":[{"href":"https:\/\/www.sospatrimonio.org\/ca\/wp-json\/wp\/v2\/media?parent=567"}],"curies":[{"name":"wp","href":"https:\/\/api.w.org\/{rel}","templated":true}]}}