{"id":628,"date":"2022-09-21T11:53:36","date_gmt":"2022-09-21T09:53:36","guid":{"rendered":"https:\/\/www.sospatrimonio.org\/le-patrimoine-culturel-subaquatique\/"},"modified":"2023-05-23T16:48:22","modified_gmt":"2023-05-23T14:48:22","slug":"le-patrimoine-culturel-subaquatique","status":"publish","type":"page","link":"https:\/\/www.sospatrimonio.org\/fr\/le-patrimoine-culturel-subaquatique\/","title":{"rendered":"Le patrimoine culturel subaquatique"},"content":{"rendered":"\t\t<div data-elementor-type=\"wp-page\" data-elementor-id=\"628\" class=\"elementor elementor-628 elementor-243\">\n\t\t\t\t\t\t\t\t\t<section class=\"elementor-section elementor-top-section elementor-element elementor-element-d062fda elementor-section-boxed elementor-section-height-default elementor-section-height-default\" data-id=\"d062fda\" data-element_type=\"section\" data-settings=\"{&quot;jet_parallax_layout_list&quot;:[],&quot;background_background&quot;:&quot;classic&quot;}\">\n\t\t\t\t\t\t\t<div class=\"elementor-background-overlay\"><\/div>\n\t\t\t\t\t\t\t<div class=\"elementor-container elementor-column-gap-default\">\n\t\t\t\t\t<div class=\"elementor-column elementor-col-50 elementor-top-column elementor-element elementor-element-b61e7dc\" data-id=\"b61e7dc\" data-element_type=\"column\">\n\t\t\t<div class=\"elementor-widget-wrap elementor-element-populated\">\n\t\t\t\t\t\t\t\t<div class=\"elementor-element elementor-element-d4fd536 elementor-widget elementor-widget-heading\" data-id=\"d4fd536\" data-element_type=\"widget\" data-widget_type=\"heading.default\">\n\t\t\t\t<div class=\"elementor-widget-container\">\n\t\t\t<style>\/*! elementor - v3.13.0 - 08-05-2023 *\/\n.elementor-heading-title{padding:0;margin:0;line-height:1}.elementor-widget-heading .elementor-heading-title[class*=elementor-size-]>a{color:inherit;font-size:inherit;line-height:inherit}.elementor-widget-heading .elementor-heading-title.elementor-size-small{font-size:15px}.elementor-widget-heading .elementor-heading-title.elementor-size-medium{font-size:19px}.elementor-widget-heading .elementor-heading-title.elementor-size-large{font-size:29px}.elementor-widget-heading .elementor-heading-title.elementor-size-xl{font-size:39px}.elementor-widget-heading .elementor-heading-title.elementor-size-xxl{font-size:59px}<\/style><h2 class=\"elementor-heading-title elementor-size-default\">Le patrimoine culturel subaquatique  <\/h2>\t\t<\/div>\n\t\t\t\t<\/div>\n\t\t\t\t<div class=\"elementor-element elementor-element-c3e73b4 elementor-widget elementor-widget-text-editor\" data-id=\"c3e73b4\" data-element_type=\"widget\" data-widget_type=\"text-editor.default\">\n\t\t\t\t<div class=\"elementor-widget-container\">\n\t\t\t<style>\/*! elementor - v3.13.0 - 08-05-2023 *\/\n.elementor-widget-text-editor.elementor-drop-cap-view-stacked .elementor-drop-cap{background-color:#69727d;color:#fff}.elementor-widget-text-editor.elementor-drop-cap-view-framed .elementor-drop-cap{color:#69727d;border:3px solid;background-color:transparent}.elementor-widget-text-editor:not(.elementor-drop-cap-view-default) .elementor-drop-cap{margin-top:8px}.elementor-widget-text-editor:not(.elementor-drop-cap-view-default) .elementor-drop-cap-letter{width:1em;height:1em}.elementor-widget-text-editor .elementor-drop-cap{float:left;text-align:center;line-height:1;font-size:50px}.elementor-widget-text-editor .elementor-drop-cap-letter{display:inline-block}<\/style>\t\t\t\t<p>Lorsque l\u2019on parle de patrimoine culturel subaquatique, il ne s\u2019agit pas uniquement de navires engloutis. Ce concept est bien plus vaste et englobe \u00ab toutes les traces d\u2019existence humaine pr\u00e9sentant un caract\u00e8re culturel, historique ou arch\u00e9ologique, qui sont immerg\u00e9es, partiellement ou totalement, p\u00e9riodiquement ou en permanence, depuis 100 ans au moins \u00bb et pr\u00e9sentant un caract\u00e8re culturel ou historique (Convention de l\u2019UNESCO de 2001).<\/p>\n<p>Ainsi, le patrimoine culturel subaquatique inclut non seulement les navires et leur cargaison, mais \u00e9galement les a\u00e9ronefs, les structures portuaires ou encore les structures construites, \u00e0 l\u2019origine, sur terre et qui, avec le temps, ont \u00e9t\u00e9 submerg\u00e9es par les eaux.<\/p>\n\t\t\t\t\t\t<\/div>\n\t\t\t\t<\/div>\n\t\t\t\t<div class=\"elementor-element elementor-element-695f66f elementor-widget__width-initial elementor-widget elementor-widget-spacer\" data-id=\"695f66f\" data-element_type=\"widget\" data-widget_type=\"spacer.default\">\n\t\t\t\t<div class=\"elementor-widget-container\">\n\t\t\t<style>\/*! elementor - v3.13.0 - 08-05-2023 *\/\n.elementor-column .elementor-spacer-inner{height:var(--spacer-size)}.e-con{--container-widget-width:100%}.e-con-inner>.elementor-widget-spacer,.e-con>.elementor-widget-spacer{width:var(--container-widget-width,var(--spacer-size));--align-self:var(--container-widget-align-self,initial);--flex-shrink:0}.e-con-inner>.elementor-widget-spacer>.elementor-widget-container,.e-con-inner>.elementor-widget-spacer>.elementor-widget-container>.elementor-spacer,.e-con>.elementor-widget-spacer>.elementor-widget-container,.e-con>.elementor-widget-spacer>.elementor-widget-container>.elementor-spacer{height:100%}.e-con-inner>.elementor-widget-spacer>.elementor-widget-container>.elementor-spacer>.elementor-spacer-inner,.e-con>.elementor-widget-spacer>.elementor-widget-container>.elementor-spacer>.elementor-spacer-inner{height:var(--container-widget-height,var(--spacer-size))}<\/style>\t\t<div class=\"elementor-spacer\">\n\t\t\t<div class=\"elementor-spacer-inner\"><\/div>\n\t\t<\/div>\n\t\t\t\t<\/div>\n\t\t\t\t<\/div>\n\t\t\t\t\t<\/div>\n\t\t<\/div>\n\t\t\t\t<div class=\"elementor-column elementor-col-50 elementor-top-column elementor-element elementor-element-42e3bbd elementor-hidden-tablet elementor-hidden-mobile\" data-id=\"42e3bbd\" data-element_type=\"column\">\n\t\t\t<div class=\"elementor-widget-wrap\">\n\t\t\t\t\t\t\t\t\t<\/div>\n\t\t<\/div>\n\t\t\t\t\t\t\t<\/div>\n\t\t<\/section>\n\t\t\t\t<section class=\"elementor-section elementor-top-section elementor-element elementor-element-93ea3be elementor-section-full_width elementor-section-height-min-height elementor-section-height-default elementor-section-items-middle\" data-id=\"93ea3be\" data-element_type=\"section\" data-settings=\"{&quot;background_background&quot;:&quot;gradient&quot;,&quot;jet_parallax_layout_list&quot;:[]}\">\n\t\t\t\t\t\t\t<div class=\"elementor-background-overlay\"><\/div>\n\t\t\t\t\t\t\t<div class=\"elementor-container elementor-column-gap-default\">\n\t\t\t\t\t<div class=\"elementor-column elementor-col-100 elementor-top-column elementor-element elementor-element-6f22fca\" data-id=\"6f22fca\" data-element_type=\"column\">\n\t\t\t<div class=\"elementor-widget-wrap elementor-element-populated\">\n\t\t\t\t\t\t\t\t<div class=\"elementor-element elementor-element-dc78504 elementor-widget elementor-widget-spacer\" data-id=\"dc78504\" data-element_type=\"widget\" data-widget_type=\"spacer.default\">\n\t\t\t\t<div class=\"elementor-widget-container\">\n\t\t\t\t\t<div class=\"elementor-spacer\">\n\t\t\t<div class=\"elementor-spacer-inner\"><\/div>\n\t\t<\/div>\n\t\t\t\t<\/div>\n\t\t\t\t<\/div>\n\t\t\t\t\t<\/div>\n\t\t<\/div>\n\t\t\t\t\t\t\t<\/div>\n\t\t<\/section>\n\t\t\t\t<section class=\"elementor-section elementor-top-section elementor-element elementor-element-e80f84e elementor-section-content-middle elementor-section-boxed elementor-section-height-default elementor-section-height-default\" data-id=\"e80f84e\" data-element_type=\"section\" data-settings=\"{&quot;jet_parallax_layout_list&quot;:[],&quot;background_background&quot;:&quot;gradient&quot;}\">\n\t\t\t\t\t\t<div class=\"elementor-container elementor-column-gap-default\">\n\t\t\t\t\t<div class=\"elementor-column elementor-col-50 elementor-top-column elementor-element elementor-element-abed845\" data-id=\"abed845\" data-element_type=\"column\">\n\t\t\t<div class=\"elementor-widget-wrap elementor-element-populated\">\n\t\t\t\t\t\t\t\t<div class=\"elementor-element elementor-element-1cefceb elementor-widget elementor-widget-heading\" data-id=\"1cefceb\" data-element_type=\"widget\" data-widget_type=\"heading.default\">\n\t\t\t\t<div class=\"elementor-widget-container\">\n\t\t\t<h2 class=\"elementor-heading-title elementor-size-default\">Qu\u2019est-ce que la Convention de l\u2019UNESCO de 2001 ? <\/h2>\t\t<\/div>\n\t\t\t\t<\/div>\n\t\t\t\t<div class=\"elementor-element elementor-element-82c0cc6 elementor-widget elementor-widget-text-editor\" data-id=\"82c0cc6\" data-element_type=\"widget\" data-widget_type=\"text-editor.default\">\n\t\t\t\t<div class=\"elementor-widget-container\">\n\t\t\t\t\t\t\t<p>La Convention est un instrument juridique international de r\u00e9glementation du patrimoine culturel subaquatique. Malgr\u00e9 l\u2019importance du patrimoine culturel subaquatique, m\u00eame s\u2019il existait des lois isol\u00e9es, un syst\u00e8me juridique international qui le r\u00e9glemente faisait encore d\u00e9faut. L\u2019un des grands m\u00e9rites de la Convention est qu\u2019elle a permis de combler cette lacune. <\/p>\n<p>L\u2019Espagne a ratifi\u00e9 la <a href=\"https:\/\/www.unesco.org\/en\/legal-affairs\/convention-protection-underwater-cultural-heritage\">\u201cConvention de l\u2019UNESCO sur la protection du patrimoine culturel subaquatique de 2001\u201d<\/a> le 6 juillet 2005, prenant ainsi un engagement permanent pour la d\u00e9fense, l\u2019\u00e9tude et la mise en valeur de cet important ensemble de biens du patrimoine culturel.<\/p>\n\t\t\t\t\t\t<\/div>\n\t\t\t\t<\/div>\n\t\t\t\t\t<\/div>\n\t\t<\/div>\n\t\t\t\t<div class=\"elementor-column elementor-col-50 elementor-top-column elementor-element elementor-element-1bd61a1\" data-id=\"1bd61a1\" data-element_type=\"column\">\n\t\t\t<div class=\"elementor-widget-wrap elementor-element-populated\">\n\t\t\t\t\t\t\t\t<div class=\"elementor-element elementor-element-a85f384 elementor-widget elementor-widget-image\" data-id=\"a85f384\" data-element_type=\"widget\" data-widget_type=\"image.default\">\n\t\t\t\t<div class=\"elementor-widget-container\">\n\t\t\t<style>\/*! elementor - v3.13.0 - 08-05-2023 *\/\n.elementor-widget-image{text-align:center}.elementor-widget-image a{display:inline-block}.elementor-widget-image a img[src$=\".svg\"]{width:48px}.elementor-widget-image img{vertical-align:middle;display:inline-block}<\/style>\t\t\t\t\t\t\t\t\t\t\t\t\t<a href=\"https:\/\/en.unesco.org\/underwater-heritage\">\n\t\t\t\t\t\t\t<img loading=\"lazy\" decoding=\"async\" width=\"796\" height=\"598\" src=\"https:\/\/www.sospatrimonio.org\/wp-content\/uploads\/2022\/09\/unescologo.svg\" class=\"attachment-full size-full wp-image-247\" alt=\"\" \/>\t\t\t\t\t\t\t\t<\/a>\n\t\t\t\t\t\t\t\t\t\t\t\t\t\t\t<\/div>\n\t\t\t\t<\/div>\n\t\t\t\t\t<\/div>\n\t\t<\/div>\n\t\t\t\t\t\t\t<\/div>\n\t\t<\/section>\n\t\t\t\t\t\t\t<\/div>\n\t\t","protected":false},"excerpt":{"rendered":"<p>Le patrimoine culturel subaquatique Lorsque l\u2019on parle de patrimoine culturel subaquatique, il ne s\u2019agit pas uniquement de navires engloutis. Ce concept est bien plus vaste et englobe \u00ab toutes les traces d\u2019existence humaine pr\u00e9sentant un caract\u00e8re culturel, historique ou arch\u00e9ologique, qui sont immerg\u00e9es, partiellement ou totalement, p\u00e9riodiquement ou en permanence, depuis 100 ans au moins [&hellip;]<\/p>\n","protected":false},"author":1,"featured_media":0,"parent":0,"menu_order":0,"comment_status":"closed","ping_status":"closed","template":"","meta":{"inline_featured_image":false,"footnotes":""},"class_list":["post-628","page","type-page","status-publish","hentry"],"yoast_head":"<!-- This site is optimized with the Yoast SEO plugin v20.7 - https:\/\/yoast.com\/wordpress\/plugins\/seo\/ -->\n<title>Le patrimoine culturel subaquatique - SOS Patrimonio<\/title>\n<meta name=\"robots\" content=\"index, follow, max-snippet:-1, max-image-preview:large, max-video-preview:-1\" \/>\n<link rel=\"canonical\" href=\"https:\/\/www.sospatrimonio.org\/patrimonio-cultural-subacuatico\/\" \/>\n<meta property=\"og:locale\" content=\"fr_FR\" \/>\n<meta property=\"og:type\" content=\"article\" \/>\n<meta property=\"og:title\" content=\"Le patrimoine culturel subaquatique - SOS Patrimonio\" \/>\n<meta property=\"og:description\" content=\"Le patrimoine culturel subaquatique Lorsque l\u2019on parle de patrimoine culturel subaquatique, il ne s\u2019agit pas uniquement de navires engloutis. Ce concept est bien plus vaste et englobe \u00ab toutes les traces d\u2019existence humaine pr\u00e9sentant un caract\u00e8re culturel, historique ou arch\u00e9ologique, qui sont immerg\u00e9es, partiellement ou totalement, p\u00e9riodiquement ou en permanence, depuis 100 ans au moins [&hellip;]\" \/>\n<meta property=\"og:url\" content=\"https:\/\/www.sospatrimonio.org\/patrimonio-cultural-subacuatico\/\" \/>\n<meta property=\"og:site_name\" content=\"SOS Patrimonio\" \/>\n<meta property=\"article:modified_time\" content=\"2023-05-23T14:48:22+00:00\" \/>\n<meta property=\"og:image\" content=\"https:\/\/www.sospatrimonio.org\/wp-content\/uploads\/2022\/09\/unescologo.svg\" \/>\n<meta name=\"twitter:card\" content=\"summary_large_image\" \/>\n<meta name=\"twitter:label1\" content=\"Dur\u00e9e de lecture estim\u00e9e\" \/>\n\t<meta name=\"twitter:data1\" content=\"1 minute\" \/>\n<script type=\"application\/ld+json\" class=\"yoast-schema-graph\">{\"@context\":\"https:\/\/schema.org\",\"@graph\":[{\"@type\":\"WebPage\",\"@id\":\"https:\/\/www.sospatrimonio.org\/patrimonio-cultural-subacuatico\/\",\"url\":\"https:\/\/www.sospatrimonio.org\/patrimonio-cultural-subacuatico\/\",\"name\":\"Le patrimoine culturel subaquatique - SOS Patrimonio\",\"isPartOf\":{\"@id\":\"https:\/\/www.sospatrimonio.org\/#website\"},\"datePublished\":\"2022-09-21T09:53:36+00:00\",\"dateModified\":\"2023-05-23T14:48:22+00:00\",\"breadcrumb\":{\"@id\":\"https:\/\/www.sospatrimonio.org\/patrimonio-cultural-subacuatico\/#breadcrumb\"},\"inLanguage\":\"fr-FR\",\"potentialAction\":[{\"@type\":\"ReadAction\",\"target\":[\"https:\/\/www.sospatrimonio.org\/patrimonio-cultural-subacuatico\/\"]}]},{\"@type\":\"BreadcrumbList\",\"@id\":\"https:\/\/www.sospatrimonio.org\/patrimonio-cultural-subacuatico\/#breadcrumb\",\"itemListElement\":[{\"@type\":\"ListItem\",\"position\":1,\"name\":\"Portada\",\"item\":\"https:\/\/www.sospatrimonio.org\/fr\/\"},{\"@type\":\"ListItem\",\"position\":2,\"name\":\"Le patrimoine culturel subaquatique\"}]},{\"@type\":\"WebSite\",\"@id\":\"https:\/\/www.sospatrimonio.org\/#website\",\"url\":\"https:\/\/www.sospatrimonio.org\/\",\"name\":\"SOS Patrimonio\",\"description\":\"Ay\u00fadanos a proteger el Patrimonio Cultural Subacu\u00e1tico\",\"publisher\":{\"@id\":\"https:\/\/www.sospatrimonio.org\/#organization\"},\"potentialAction\":[{\"@type\":\"SearchAction\",\"target\":{\"@type\":\"EntryPoint\",\"urlTemplate\":\"https:\/\/www.sospatrimonio.org\/?s={search_term_string}\"},\"query-input\":\"required name=search_term_string\"}],\"inLanguage\":\"fr-FR\"},{\"@type\":\"Organization\",\"@id\":\"https:\/\/www.sospatrimonio.org\/#organization\",\"name\":\"SOS Patrimonio\",\"url\":\"https:\/\/www.sospatrimonio.org\/\",\"logo\":{\"@type\":\"ImageObject\",\"inLanguage\":\"fr-FR\",\"@id\":\"https:\/\/www.sospatrimonio.org\/#\/schema\/logo\/image\/\",\"url\":\"https:\/\/www.sospatrimonio.org\/wp-content\/uploads\/2023\/05\/sos-imagen-212.jpg\",\"contentUrl\":\"https:\/\/www.sospatrimonio.org\/wp-content\/uploads\/2023\/05\/sos-imagen-212.jpg\",\"width\":212,\"height\":212,\"caption\":\"SOS Patrimonio\"},\"image\":{\"@id\":\"https:\/\/www.sospatrimonio.org\/#\/schema\/logo\/image\/\"}}]}<\/script>\n<!-- \/ Yoast SEO plugin. -->","yoast_head_json":{"title":"Le patrimoine culturel subaquatique - SOS Patrimonio","robots":{"index":"index","follow":"follow","max-snippet":"max-snippet:-1","max-image-preview":"max-image-preview:large","max-video-preview":"max-video-preview:-1"},"canonical":"https:\/\/www.sospatrimonio.org\/patrimonio-cultural-subacuatico\/","og_locale":"fr_FR","og_type":"article","og_title":"Le patrimoine culturel subaquatique - SOS Patrimonio","og_description":"Le patrimoine culturel subaquatique Lorsque l\u2019on parle de patrimoine culturel subaquatique, il ne s\u2019agit pas uniquement de navires engloutis. Ce concept est bien plus vaste et englobe \u00ab toutes les traces d\u2019existence humaine pr\u00e9sentant un caract\u00e8re culturel, historique ou arch\u00e9ologique, qui sont immerg\u00e9es, partiellement ou totalement, p\u00e9riodiquement ou en permanence, depuis 100 ans au moins [&hellip;]","og_url":"https:\/\/www.sospatrimonio.org\/patrimonio-cultural-subacuatico\/","og_site_name":"SOS Patrimonio","article_modified_time":"2023-05-23T14:48:22+00:00","og_image":[{"url":"https:\/\/www.sospatrimonio.org\/wp-content\/uploads\/2022\/09\/unescologo.svg"}],"twitter_card":"summary_large_image","twitter_misc":{"Dur\u00e9e de lecture estim\u00e9e":"1 minute"},"schema":{"@context":"https:\/\/schema.org","@graph":[{"@type":"WebPage","@id":"https:\/\/www.sospatrimonio.org\/patrimonio-cultural-subacuatico\/","url":"https:\/\/www.sospatrimonio.org\/patrimonio-cultural-subacuatico\/","name":"Le patrimoine culturel subaquatique - SOS Patrimonio","isPartOf":{"@id":"https:\/\/www.sospatrimonio.org\/#website"},"datePublished":"2022-09-21T09:53:36+00:00","dateModified":"2023-05-23T14:48:22+00:00","breadcrumb":{"@id":"https:\/\/www.sospatrimonio.org\/patrimonio-cultural-subacuatico\/#breadcrumb"},"inLanguage":"fr-FR","potentialAction":[{"@type":"ReadAction","target":["https:\/\/www.sospatrimonio.org\/patrimonio-cultural-subacuatico\/"]}]},{"@type":"BreadcrumbList","@id":"https:\/\/www.sospatrimonio.org\/patrimonio-cultural-subacuatico\/#breadcrumb","itemListElement":[{"@type":"ListItem","position":1,"name":"Portada","item":"https:\/\/www.sospatrimonio.org\/fr\/"},{"@type":"ListItem","position":2,"name":"Le patrimoine culturel subaquatique"}]},{"@type":"WebSite","@id":"https:\/\/www.sospatrimonio.org\/#website","url":"https:\/\/www.sospatrimonio.org\/","name":"SOS Patrimonio","description":"Ay\u00fadanos a proteger el Patrimonio Cultural Subacu\u00e1tico","publisher":{"@id":"https:\/\/www.sospatrimonio.org\/#organization"},"potentialAction":[{"@type":"SearchAction","target":{"@type":"EntryPoint","urlTemplate":"https:\/\/www.sospatrimonio.org\/?s={search_term_string}"},"query-input":"required name=search_term_string"}],"inLanguage":"fr-FR"},{"@type":"Organization","@id":"https:\/\/www.sospatrimonio.org\/#organization","name":"SOS Patrimonio","url":"https:\/\/www.sospatrimonio.org\/","logo":{"@type":"ImageObject","inLanguage":"fr-FR","@id":"https:\/\/www.sospatrimonio.org\/#\/schema\/logo\/image\/","url":"https:\/\/www.sospatrimonio.org\/wp-content\/uploads\/2023\/05\/sos-imagen-212.jpg","contentUrl":"https:\/\/www.sospatrimonio.org\/wp-content\/uploads\/2023\/05\/sos-imagen-212.jpg","width":212,"height":212,"caption":"SOS Patrimonio"},"image":{"@id":"https:\/\/www.sospatrimonio.org\/#\/schema\/logo\/image\/"}}]}},"_links":{"self":[{"href":"https:\/\/www.sospatrimonio.org\/fr\/wp-json\/wp\/v2\/pages\/628","targetHints":{"allow":["GET"]}}],"collection":[{"href":"https:\/\/www.sospatrimonio.org\/fr\/wp-json\/wp\/v2\/pages"}],"about":[{"href":"https:\/\/www.sospatrimonio.org\/fr\/wp-json\/wp\/v2\/types\/page"}],"author":[{"embeddable":true,"href":"https:\/\/www.sospatrimonio.org\/fr\/wp-json\/wp\/v2\/users\/1"}],"replies":[{"embeddable":true,"href":"https:\/\/www.sospatrimonio.org\/fr\/wp-json\/wp\/v2\/comments?post=628"}],"version-history":[{"count":2,"href":"https:\/\/www.sospatrimonio.org\/fr\/wp-json\/wp\/v2\/pages\/628\/revisions"}],"predecessor-version":[{"id":915,"href":"https:\/\/www.sospatrimonio.org\/fr\/wp-json\/wp\/v2\/pages\/628\/revisions\/915"}],"wp:attachment":[{"href":"https:\/\/www.sospatrimonio.org\/fr\/wp-json\/wp\/v2\/media?parent=628"}],"curies":[{"name":"wp","href":"https:\/\/api.w.org\/{rel}","templated":true}]}}