{"id":787,"date":"2022-08-24T11:52:29","date_gmt":"2022-08-24T09:52:29","guid":{"rendered":"https:\/\/www.sospatrimonio.org\/comunica-la-tua-scoperta\/"},"modified":"2023-05-05T12:41:57","modified_gmt":"2023-05-05T12:41:57","slug":"comunica-la-tua-scoperta","status":"publish","type":"page","link":"https:\/\/www.sospatrimonio.org\/it\/comunica-la-tua-scoperta\/","title":{"rendered":"Comunica la tua scoperta"},"content":{"rendered":"<h2>Comunica la tua scoperta<\/h2>\n<p role=\"status\" aria-live=\"polite\" aria-atomic=\"true\">\n<ul><\/ul>\n<form action=\"\/wp-admin\/admin-ajax.php#wpcf7-f192-o5\" method=\"post\" aria-label=\"Formulario de contacto\" enctype=\"multipart\/form-data\" novalidate=\"novalidate\" data-status=\"init\">\n<input type=\"hidden\" name=\"_wpcf7\" value=\"192\" \/><br \/>\n<input type=\"hidden\" name=\"_wpcf7_version\" value=\"5.7.6\" \/><br \/>\n<input type=\"hidden\" name=\"_wpcf7_locale\" value=\"es_ES\" \/><br \/>\n<input type=\"hidden\" name=\"_wpcf7_unit_tag\" value=\"wpcf7-f192-o5\" \/><br \/>\n<input type=\"hidden\" name=\"_wpcf7_container_post\" value=\"0\" \/><br \/>\n<input type=\"hidden\" name=\"_wpcf7_posted_data_hash\" value=\"\" \/><\/p>\n<fieldset>\n<p><label>Comunidad Aut\u00f3noma<\/label><select aria-required=\"true\" aria-invalid=\"false\" name=\"ComunidadAutnoma\"><option value=\"Illes Balears\">Illes Balears<\/option><\/select>\n\t\t<\/p>\n<p><label>Provincia<\/label><select aria-required=\"true\" aria-invalid=\"false\" name=\"Seleccionelaprovinciadondeharealizadoelhallazgo\"><option value=\"Illes Balears\">Illes Balears<\/option><\/select>\n\t\t<\/p>\n<p><label>Municipio<\/label><input size=\"40\" aria-invalid=\"false\" value=\"\" type=\"text\" name=\"municipio\" \/>\n\t\t<\/p>\n<p><label>Ubicaci\u00f3n a trav\u00e9s de coordenadas UTM o geogr\u00e1ficas<\/label><input size=\"40\" aria-invalid=\"false\" value=\"\" type=\"text\" name=\"coordenadasUTM\" \/>\n\t\t<\/p>\n<p><label>Ubicaci\u00f3n a trav\u00e9s de Google Maps<\/label><br \/>\n\t\t<input name=\"search-mapa\" id=\"search-mapa\" value=\"\" type=\"text\"><br \/>\n\t<input name=\"zoom-mapa\" id=\"zoom-mapa\" value=\"\" type=\"hidden\"><br \/>\n\t<input name=\"clat-mapa\" id=\"clat-mapa\" value=\"\" type=\"hidden\"><br \/>\n\t<input name=\"clng-mapa\" id=\"clng-mapa\" value=\"\" type=\"hidden\"><br \/>\n\t<input name=\"lat-mapa\" id=\"lat-mapa\" value=\"\" type=\"hidden\"><br \/>\n\t<input name=\"lng-mapa\" id=\"lng-mapa\" value=\"\" type=\"hidden\"><br \/>\n\t<input name=\"address-mapa\" id=\"address-mapa\" value=\"\" type=\"hidden\"><br \/>\n\t<input name=\"mapa\" id=\"mapa\"  value=\"\" type=\"hidden\"><br \/>\n\t<input name=\"manual-address-mapa\" id=\"manual-address-mapa\" value=\"false\" type=\"hidden\">\n\t\t<\/p>\n<p><button type=\"button\" name=\"cf7mls_next\" id=\"cf7mls-next-btn-cf7mls_step-1\">Siguiente<img decoding=\"async\" src=\"https:\/\/www.sospatrimonio.org\/wp-content\/plugins\/cf7-multi-step\/assets\/frontend\/img\/loader.svg\" alt=\"\" data-lazy-src=\"https:\/\/www.sospatrimonio.org\/wp-content\/plugins\/cf7-multi-step\/assets\/frontend\/img\/loader.svg\" style=\"display: none;\" \/><\/button><\/p>\n<\/fieldset>\n<fieldset>\n<p><label>Fecha del hallazgo<\/label><input aria-required=\"true\" aria-invalid=\"false\" value=\"\" type=\"date\" name=\"Fechadelhallazgo\" \/>\n\t\t<\/p>\n<p><label>Se trata de:<\/label><select aria-required=\"true\" aria-invalid=\"false\" name=\"Setratade\"><option value=\"\">&#8212;Por favor, elige una opci\u00f3n&#8212;<\/option><option value=\"Un objeto aislado\">Un objeto aislado<\/option><option value=\"Una acumulaci\u00f3n de objetos\">Una acumulaci\u00f3n de objetos<\/option><\/select>\n\t\t<\/p>\n<p><label>La composici\u00f3n del objeto u objetos es:<\/label>\n\t\t<\/p>\n<p><label><input type=\"checkbox\" name=\"composicion[]\" value=\"Cer\u00e1mica\" \/>Cer\u00e1mica<\/label><label><input type=\"checkbox\" name=\"composicion[]\" value=\"Metal\" \/>Metal<\/label><label><input type=\"checkbox\" name=\"composicion[]\" value=\"Piedra\" \/>Piedra<\/label><label><input type=\"checkbox\" name=\"composicion[]\" value=\"Madera\" \/>Madera<\/label><label><input type=\"checkbox\" name=\"composicion[]\" value=\"Vidrio\" \/>Vidrio<\/label><label><input type=\"checkbox\" name=\"composicion[]\" value=\"Otro\" \/>Otro<\/label><label><input type=\"checkbox\" name=\"composicion[]\" value=\"No lo s\u00e9\" \/>No lo s\u00e9<\/label>\n\t\t<\/p>\n<p><label>Se encuentra a una profundidad de:<\/label><input size=\"40\" aria-required=\"true\" aria-invalid=\"false\" value=\"\" type=\"text\" name=\"Seencuentraaunaprofundidadde\" \/>\n\t\t<\/p>\n<p><label>El fondo marino donde se encuentra est\u00e1 compuesto por:<\/label>\n\t\t<\/p>\n<p><label><input type=\"checkbox\" name=\"fondo-marino[]\" value=\"Arena\" \/>Arena<\/label><label><input type=\"checkbox\" name=\"fondo-marino[]\" value=\"Posidonia\" \/>Posidonia<\/label><label><input type=\"checkbox\" name=\"fondo-marino[]\" value=\"Roca\" \/>Roca<\/label><label><input type=\"checkbox\" name=\"fondo-marino[]\" value=\"Grava\" \/>Grava<\/label><label><input type=\"checkbox\" name=\"fondo-marino[]\" value=\"Fango\" \/>Fango<\/label>\n\t\t<\/p>\n<p><label>Adjunta tus fotos: <\/label><\/p>\n<p><input size=\"40\" multiple=\"multiple\" value=\"Seleccionar archivos\" aria-invalid=\"false\" type=\"file\" name=\"fotos[]\" \/> <a href=\"javascript:void(0);\">&#x274C;<\/a><\/p>\n<p><input size=\"40\" multiple=\"multiple\" value=\"Seleccionar archivos\" aria-invalid=\"false\" type=\"file\" name=\"fotos[]\" \/> <a href=\"javascript:void(0);\">&#x274C;<\/a><\/p>\n<p><label><input type=\"button\" name=\"fotos-zl-mfcf7-upld-btn\" id=\"mfcf7_zl_add_file\" value=\"Seleccionar archivos\"><\/label><\/p>\n<\/p>\n<p><label>Describe lo que has visto:<\/label><textarea cols=\"40\" rows=\"10\" aria-invalid=\"false\" name=\"Describeloquehasvisto\"><\/textarea>\n\t\t<\/p>\n<p><button type=\"button\" name=\"cf7mls_back\" id=\"cf7mls-back-btn-cf7mls_step-2\">Anterior<\/button><button type=\"button\" name=\"cf7mls_next\" id=\"cf7mls-next-btn-cf7mls_step-2\">Siguiente<img decoding=\"async\" src=\"https:\/\/www.sospatrimonio.org\/wp-content\/plugins\/cf7-multi-step\/assets\/frontend\/img\/loader.svg\" alt=\"\" data-lazy-src=\"https:\/\/www.sospatrimonio.org\/wp-content\/plugins\/cf7-multi-step\/assets\/frontend\/img\/loader.svg\" style=\"display: none;\" \/><\/button><\/p>\n<\/fieldset>\n<fieldset>\n<p><label>Nombre<\/label><input size=\"40\" aria-required=\"true\" aria-invalid=\"false\" value=\"\" type=\"text\" name=\"Nombre\" \/>\n\t\t<\/p>\n<p><label>Apellidos<\/label><input size=\"40\" aria-required=\"true\" aria-invalid=\"false\" value=\"\" type=\"text\" name=\"Apellidos\" \/>\n\t\t<\/p>\n<p><label>Tel\u00e9fono<\/label><input size=\"40\" aria-required=\"true\" aria-invalid=\"false\" value=\"\" type=\"text\" name=\"Telefono\" \/>\n\t\t<\/p>\n<p><label>Email<\/label><input size=\"40\" aria-required=\"true\" aria-invalid=\"false\" value=\"\" type=\"email\" name=\"email\" \/>\n\t\t<\/p>\n<p>Nacionalidad<label><\/label><input size=\"40\" aria-required=\"true\" aria-invalid=\"false\" value=\"\" type=\"text\" name=\"Nacionalidad\" \/>\n\t\t<\/p>\n<p><input type=\"submit\" value=\"Enviar\" \/><button type=\"button\" name=\"cf7mls_back\" id=\"cf7mls-back-btn-cf7mls_step-3\">Anterior<\/button><button type=\"button\" style=\"display: none;\" name=\"cf7mls_next\" id=\"cf7mls-next-btn-cf7mls_step-3\"><img decoding=\"async\" src=\"https:\/\/www.sospatrimonio.org\/wp-content\/plugins\/cf7-multi-step\/assets\/frontend\/img\/loader.svg\" alt=\"\" data-lazy-src=\"https:\/\/www.sospatrimonio.org\/wp-content\/plugins\/cf7-multi-step\/assets\/frontend\/img\/loader.svg\" style=\"display: none;\" \/><\/button>\n<\/p>\n<\/fieldset>\n<\/form>\n","protected":false},"excerpt":{"rendered":"<p>Comunica la tua scoperta Comunidad Aut\u00f3nomaIlles Balears ProvinciaIlles Balears Municipio Ubicaci\u00f3n a trav\u00e9s de coordenadas UTM o geogr\u00e1ficas Ubicaci\u00f3n a trav\u00e9s de Google Maps Siguiente Fecha del hallazgo Se trata de:&#8212;Por favor, elige una opci\u00f3n&#8212;Un objeto aisladoUna acumulaci\u00f3n de objetos La composici\u00f3n del objeto u objetos es: Cer\u00e1micaMetalPiedraMaderaVidrioOtroNo lo s\u00e9 Se encuentra a una profundidad [&hellip;]<\/p>\n","protected":false},"author":1,"featured_media":0,"parent":0,"menu_order":0,"comment_status":"closed","ping_status":"closed","template":"","meta":{"inline_featured_image":false,"footnotes":""},"class_list":["post-787","page","type-page","status-publish","hentry"],"yoast_head":"<!-- This site is optimized with the Yoast SEO plugin v20.7 - https:\/\/yoast.com\/wordpress\/plugins\/seo\/ -->\n<title>Comunica la tua scoperta - SOS Patrimonio<\/title>\n<meta name=\"robots\" content=\"index, follow, max-snippet:-1, max-image-preview:large, max-video-preview:-1\" \/>\n<link rel=\"canonical\" href=\"https:\/\/www.sospatrimonio.org\/it\/comunica-la-tua-scoperta\/\" \/>\n<meta property=\"og:locale\" content=\"it_IT\" \/>\n<meta property=\"og:type\" content=\"article\" \/>\n<meta property=\"og:title\" content=\"Comunica la tua scoperta - SOS Patrimonio\" \/>\n<meta property=\"og:description\" content=\"Comunica la tua scoperta Comunidad Aut\u00f3nomaIlles Balears ProvinciaIlles Balears Municipio Ubicaci\u00f3n a trav\u00e9s de coordenadas UTM o geogr\u00e1ficas Ubicaci\u00f3n a trav\u00e9s de Google Maps Siguiente Fecha del hallazgo Se trata de:&#8212;Por favor, elige una opci\u00f3n&#8212;Un objeto aisladoUna acumulaci\u00f3n de objetos La composici\u00f3n del objeto u objetos es: Cer\u00e1micaMetalPiedraMaderaVidrioOtroNo lo s\u00e9 Se encuentra a una profundidad [&hellip;]\" \/>\n<meta property=\"og:url\" content=\"https:\/\/www.sospatrimonio.org\/it\/comunica-la-tua-scoperta\/\" \/>\n<meta property=\"og:site_name\" content=\"SOS Patrimonio\" \/>\n<meta property=\"article:modified_time\" content=\"2023-05-05T12:41:57+00:00\" \/>\n<meta property=\"og:image\" content=\"https:\/\/www.sospatrimonio.org\/wp-content\/plugins\/cf7-multi-step\/assets\/frontend\/img\/loader.svg\" \/>\n<meta name=\"twitter:card\" content=\"summary_large_image\" \/>\n<script type=\"application\/ld+json\" class=\"yoast-schema-graph\">{\"@context\":\"https:\/\/schema.org\",\"@graph\":[{\"@type\":\"WebPage\",\"@id\":\"https:\/\/www.sospatrimonio.org\/it\/comunica-la-tua-scoperta\/\",\"url\":\"https:\/\/www.sospatrimonio.org\/it\/comunica-la-tua-scoperta\/\",\"name\":\"Comunica la tua scoperta - SOS Patrimonio\",\"isPartOf\":{\"@id\":\"https:\/\/www.sospatrimonio.org\/#website\"},\"datePublished\":\"2022-08-24T09:52:29+00:00\",\"dateModified\":\"2023-05-05T12:41:57+00:00\",\"breadcrumb\":{\"@id\":\"https:\/\/www.sospatrimonio.org\/it\/comunica-la-tua-scoperta\/#breadcrumb\"},\"inLanguage\":\"it-IT\",\"potentialAction\":[{\"@type\":\"ReadAction\",\"target\":[\"https:\/\/www.sospatrimonio.org\/it\/comunica-la-tua-scoperta\/\"]}]},{\"@type\":\"BreadcrumbList\",\"@id\":\"https:\/\/www.sospatrimonio.org\/it\/comunica-la-tua-scoperta\/#breadcrumb\",\"itemListElement\":[{\"@type\":\"ListItem\",\"position\":1,\"name\":\"Portada\",\"item\":\"https:\/\/www.sospatrimonio.org\/it\/\"},{\"@type\":\"ListItem\",\"position\":2,\"name\":\"Comunica la tua scoperta\"}]},{\"@type\":\"WebSite\",\"@id\":\"https:\/\/www.sospatrimonio.org\/#website\",\"url\":\"https:\/\/www.sospatrimonio.org\/\",\"name\":\"SOS Patrimonio\",\"description\":\"Ay\u00fadanos a proteger el Patrimonio Cultural Subacu\u00e1tico\",\"publisher\":{\"@id\":\"https:\/\/www.sospatrimonio.org\/#organization\"},\"potentialAction\":[{\"@type\":\"SearchAction\",\"target\":{\"@type\":\"EntryPoint\",\"urlTemplate\":\"https:\/\/www.sospatrimonio.org\/?s={search_term_string}\"},\"query-input\":\"required name=search_term_string\"}],\"inLanguage\":\"it-IT\"},{\"@type\":\"Organization\",\"@id\":\"https:\/\/www.sospatrimonio.org\/#organization\",\"name\":\"SOS Patrimonio\",\"url\":\"https:\/\/www.sospatrimonio.org\/\",\"logo\":{\"@type\":\"ImageObject\",\"inLanguage\":\"it-IT\",\"@id\":\"https:\/\/www.sospatrimonio.org\/#\/schema\/logo\/image\/\",\"url\":\"https:\/\/www.sospatrimonio.org\/wp-content\/uploads\/2023\/05\/sos-imagen-212.jpg\",\"contentUrl\":\"https:\/\/www.sospatrimonio.org\/wp-content\/uploads\/2023\/05\/sos-imagen-212.jpg\",\"width\":212,\"height\":212,\"caption\":\"SOS Patrimonio\"},\"image\":{\"@id\":\"https:\/\/www.sospatrimonio.org\/#\/schema\/logo\/image\/\"}}]}<\/script>\n<!-- \/ Yoast SEO plugin. -->","yoast_head_json":{"title":"Comunica la tua scoperta - SOS Patrimonio","robots":{"index":"index","follow":"follow","max-snippet":"max-snippet:-1","max-image-preview":"max-image-preview:large","max-video-preview":"max-video-preview:-1"},"canonical":"https:\/\/www.sospatrimonio.org\/it\/comunica-la-tua-scoperta\/","og_locale":"it_IT","og_type":"article","og_title":"Comunica la tua scoperta - SOS Patrimonio","og_description":"Comunica la tua scoperta Comunidad Aut\u00f3nomaIlles Balears ProvinciaIlles Balears Municipio Ubicaci\u00f3n a trav\u00e9s de coordenadas UTM o geogr\u00e1ficas Ubicaci\u00f3n a trav\u00e9s de Google Maps Siguiente Fecha del hallazgo Se trata de:&#8212;Por favor, elige una opci\u00f3n&#8212;Un objeto aisladoUna acumulaci\u00f3n de objetos La composici\u00f3n del objeto u objetos es: Cer\u00e1micaMetalPiedraMaderaVidrioOtroNo lo s\u00e9 Se encuentra a una profundidad [&hellip;]","og_url":"https:\/\/www.sospatrimonio.org\/it\/comunica-la-tua-scoperta\/","og_site_name":"SOS Patrimonio","article_modified_time":"2023-05-05T12:41:57+00:00","og_image":[{"url":"https:\/\/www.sospatrimonio.org\/wp-content\/plugins\/cf7-multi-step\/assets\/frontend\/img\/loader.svg"}],"twitter_card":"summary_large_image","schema":{"@context":"https:\/\/schema.org","@graph":[{"@type":"WebPage","@id":"https:\/\/www.sospatrimonio.org\/it\/comunica-la-tua-scoperta\/","url":"https:\/\/www.sospatrimonio.org\/it\/comunica-la-tua-scoperta\/","name":"Comunica la tua scoperta - SOS Patrimonio","isPartOf":{"@id":"https:\/\/www.sospatrimonio.org\/#website"},"datePublished":"2022-08-24T09:52:29+00:00","dateModified":"2023-05-05T12:41:57+00:00","breadcrumb":{"@id":"https:\/\/www.sospatrimonio.org\/it\/comunica-la-tua-scoperta\/#breadcrumb"},"inLanguage":"it-IT","potentialAction":[{"@type":"ReadAction","target":["https:\/\/www.sospatrimonio.org\/it\/comunica-la-tua-scoperta\/"]}]},{"@type":"BreadcrumbList","@id":"https:\/\/www.sospatrimonio.org\/it\/comunica-la-tua-scoperta\/#breadcrumb","itemListElement":[{"@type":"ListItem","position":1,"name":"Portada","item":"https:\/\/www.sospatrimonio.org\/it\/"},{"@type":"ListItem","position":2,"name":"Comunica la tua scoperta"}]},{"@type":"WebSite","@id":"https:\/\/www.sospatrimonio.org\/#website","url":"https:\/\/www.sospatrimonio.org\/","name":"SOS Patrimonio","description":"Ay\u00fadanos a proteger el Patrimonio Cultural Subacu\u00e1tico","publisher":{"@id":"https:\/\/www.sospatrimonio.org\/#organization"},"potentialAction":[{"@type":"SearchAction","target":{"@type":"EntryPoint","urlTemplate":"https:\/\/www.sospatrimonio.org\/?s={search_term_string}"},"query-input":"required name=search_term_string"}],"inLanguage":"it-IT"},{"@type":"Organization","@id":"https:\/\/www.sospatrimonio.org\/#organization","name":"SOS Patrimonio","url":"https:\/\/www.sospatrimonio.org\/","logo":{"@type":"ImageObject","inLanguage":"it-IT","@id":"https:\/\/www.sospatrimonio.org\/#\/schema\/logo\/image\/","url":"https:\/\/www.sospatrimonio.org\/wp-content\/uploads\/2023\/05\/sos-imagen-212.jpg","contentUrl":"https:\/\/www.sospatrimonio.org\/wp-content\/uploads\/2023\/05\/sos-imagen-212.jpg","width":212,"height":212,"caption":"SOS Patrimonio"},"image":{"@id":"https:\/\/www.sospatrimonio.org\/#\/schema\/logo\/image\/"}}]}},"_links":{"self":[{"href":"https:\/\/www.sospatrimonio.org\/it\/wp-json\/wp\/v2\/pages\/787","targetHints":{"allow":["GET"]}}],"collection":[{"href":"https:\/\/www.sospatrimonio.org\/it\/wp-json\/wp\/v2\/pages"}],"about":[{"href":"https:\/\/www.sospatrimonio.org\/it\/wp-json\/wp\/v2\/types\/page"}],"author":[{"embeddable":true,"href":"https:\/\/www.sospatrimonio.org\/it\/wp-json\/wp\/v2\/users\/1"}],"replies":[{"embeddable":true,"href":"https:\/\/www.sospatrimonio.org\/it\/wp-json\/wp\/v2\/comments?post=787"}],"version-history":[{"count":6,"href":"https:\/\/www.sospatrimonio.org\/it\/wp-json\/wp\/v2\/pages\/787\/revisions"}],"predecessor-version":[{"id":821,"href":"https:\/\/www.sospatrimonio.org\/it\/wp-json\/wp\/v2\/pages\/787\/revisions\/821"}],"wp:attachment":[{"href":"https:\/\/www.sospatrimonio.org\/it\/wp-json\/wp\/v2\/media?parent=787"}],"curies":[{"name":"wp","href":"https:\/\/api.w.org\/{rel}","templated":true}]}}