{"id":861,"date":"2023-05-05T12:57:00","date_gmt":"2023-05-05T12:57:00","guid":{"rendered":"https:\/\/www.sospatrimonio.org\/politica-sui-cookie\/"},"modified":"2023-05-08T15:08:26","modified_gmt":"2023-05-08T15:08:26","slug":"politica-sui-cookie","status":"publish","type":"page","link":"https:\/\/www.sospatrimonio.org\/it\/politica-sui-cookie\/","title":{"rendered":"Politica sui cookie"},"content":{"rendered":"\t\t<div data-elementor-type=\"wp-page\" data-elementor-id=\"861\" class=\"elementor elementor-861 elementor-828\">\n\t\t\t\t\t\t\t\t\t<section class=\"elementor-section elementor-top-section elementor-element elementor-element-44b93c7 elementor-section-boxed elementor-section-height-default elementor-section-height-default\" data-id=\"44b93c7\" data-element_type=\"section\" data-settings=\"{&quot;jet_parallax_layout_list&quot;:[],&quot;background_background&quot;:&quot;classic&quot;}\">\n\t\t\t\t\t\t\t<div class=\"elementor-background-overlay\"><\/div>\n\t\t\t\t\t\t\t<div class=\"elementor-container elementor-column-gap-default\">\n\t\t\t\t\t<div class=\"elementor-column elementor-col-100 elementor-top-column elementor-element elementor-element-c66db30\" data-id=\"c66db30\" data-element_type=\"column\">\n\t\t\t<div class=\"elementor-widget-wrap elementor-element-populated\">\n\t\t\t\t\t\t\t\t\t<\/div>\n\t\t<\/div>\n\t\t\t\t\t\t\t<\/div>\n\t\t<\/section>\n\t\t\t\t<section class=\"elementor-section elementor-top-section elementor-element elementor-element-8eaad1f elementor-section-boxed elementor-section-height-default elementor-section-height-default\" data-id=\"8eaad1f\" data-element_type=\"section\" data-settings=\"{&quot;jet_parallax_layout_list&quot;:[]}\">\n\t\t\t\t\t\t<div class=\"elementor-container elementor-column-gap-default\">\n\t\t\t\t\t<div class=\"elementor-column elementor-col-100 elementor-top-column elementor-element elementor-element-5ed824b\" data-id=\"5ed824b\" data-element_type=\"column\">\n\t\t\t<div class=\"elementor-widget-wrap elementor-element-populated\">\n\t\t\t\t\t\t\t\t<div class=\"elementor-element elementor-element-4c1ccd6b elementor-widget elementor-widget-text-editor\" data-id=\"4c1ccd6b\" data-element_type=\"widget\" data-widget_type=\"text-editor.default\">\n\t\t\t\t<div class=\"elementor-widget-container\">\n\t\t\t<style>\/*! elementor - v3.13.0 - 08-05-2023 *\/\n.elementor-widget-text-editor.elementor-drop-cap-view-stacked .elementor-drop-cap{background-color:#69727d;color:#fff}.elementor-widget-text-editor.elementor-drop-cap-view-framed .elementor-drop-cap{color:#69727d;border:3px solid;background-color:transparent}.elementor-widget-text-editor:not(.elementor-drop-cap-view-default) .elementor-drop-cap{margin-top:8px}.elementor-widget-text-editor:not(.elementor-drop-cap-view-default) .elementor-drop-cap-letter{width:1em;height:1em}.elementor-widget-text-editor .elementor-drop-cap{float:left;text-align:center;line-height:1;font-size:50px}.elementor-widget-text-editor .elementor-drop-cap-letter{display:inline-block}<\/style>\t\t\t\t<p><strong>Concepto de Cookies<\/strong><\/p>\n<p>Las cookies constituyen una herramienta empleada por los servidores Web para almacenar y recuperar informaci\u00f3n acerca de sus visitantes o usuarios. No es m\u00e1s que un fichero de texto que algunos servidores instalan durante la navegaci\u00f3n y que permiten conocer informaci\u00f3n como por ejemplo: el lugar desde el que accede, el tiempo de conexi\u00f3n, el dispositivo desde el que accede (fijo o m\u00f3vil), el sistema operativo y navegador utilizados, las p\u00e1ginas m\u00e1s visitadas, el n\u00famero de clicks realizados y de datos respecto al comportamiento del usuario en Internet. No proporcionan referencias que permitan deducir el nombre y apellidos del usuario y no pueden leer datos de su disco duro ni incluir virus en sus equipos. Asimismo, no puede leer las cookies implantadas en el disco duro del usuario desde otros servidores.<\/p>\n<p><strong>\u00bfPor qu\u00e9 son importantes?<\/strong><br \/><strong>\u00a0<\/strong><br \/>El sitio web es accesible sin necesidad de que las cookies est\u00e9n activadas, si bien, su desactivaci\u00f3n puede impedir su funcionamiento correcto.<\/p>\n<p>Desde un punto de vista t\u00e9cnico las cookies permiten que los sitios web funcionen de forma m\u00e1s \u00e1gil y adaptada a las preferencias de los usuarios, como por ejemplo almacenar el idioma, la moneda del pa\u00eds o detectar el dispositivo de acceso.<\/p>\n<p>Establecen niveles de protecci\u00f3n y seguridad que Impiden o dificultan ciberataques contra el sitio web o sus usuarios.<\/p>\n<p>Permiten que los gestores de los medios puedan conocer datos estad\u00edsticos recopilados para mejorar la calidad y experiencia de sus servicios.<\/p>\n<p>Sirven para optimizar la publicidad que mostramos a los usuarios, ofreciendo la que m\u00e1s se ajusta a sus intereses.<\/p>\n<p><strong>Autorizaci\u00f3n para el uso de cookies<\/strong><\/p>\n<p>En el sitio web aparece un <strong>Aviso de Cookies<\/strong> que el usuario o visitante puede aceptar, consintiendo expresamente al uso de las cookies seg\u00fan se indica a continuaci\u00f3n.<\/p>\n<p>El usuario puede configurar su navegador para rechazar por defecto todas las cookies o para recibir un aviso en pantalla de la recepci\u00f3n de cada cookie y decidir sobre su instalaci\u00f3n o no en su disco duro.<\/p>\n<p><strong>Configuraci\u00f3n del navegador<\/strong><\/p>\n<p>SOS Patrimonio recuerda a sus usuarios que el uso de cookies podr\u00e1 estar sujeto a su aceptaci\u00f3n durante la instalaci\u00f3n o actualizaci\u00f3n del navegador utilizado por \u00e9stos.<\/p>\n<p>Esta aceptaci\u00f3n podr\u00e1 ser revocada mediante las opciones de configuraci\u00f3n de contenidos y privacidad disponibles en el mismo. El Titular recomienda a sus usuarios que consulten la ayuda de su navegador o acceda a las p\u00e1ginas web de ayuda de los principales navegadores: Firefox, Internet Explorer, Safari, Chrome.<\/p>\n<p>Si desea m\u00e1s informaci\u00f3n acerca de c\u00f3mo revocar el consentimiento prestado o sobre el procedimiento para deshabilitar las cookies, as\u00ed como realizar alguna pregunta sobre la Pol\u00edtica de Cookies, puede contactar con el titular a trav\u00e9s de la siguiente direcci\u00f3n de correo electr\u00f3nico info@ibeam.es indicando \u201cPol\u00edtica de Cookies\u201d en el asunto.<br \/><strong>\u00a0<\/strong><br \/><strong>Tipos de Cookies que se utilizan en la Web<\/strong><\/p>\n<p>El usuario que navega por la Web puede encontrar cookies insertadas directamente por el titular, o bien cookies insertadas por entidades distintas al titular, seg\u00fan lo detallado en los siguientes apartados:<\/p>\n<ul>\n<li><strong>Cookies de sesi\u00f3n<\/strong>, expiran cuando el usuario abandona la p\u00e1gina o cierra el navegador, es decir, est\u00e1n activas mientras dura la visita al sitio web y por tanto son borradas de nuestro ordenador al abandonarlo.<\/li>\n<li><strong>Cookies permanentes<\/strong>, expiran cuando se cumple el objetivo para el que sirven o bien cuando se borran manualmente, tienen fecha de borrado y se utilizan normalmente en proceso de compra online, personalizaciones o en el registro, para no tener que introducir una contrase\u00f1a constantemente.<\/li>\n<\/ul>\n<p>Seg\u00fan la entidad que gestiona el equipo o dominio desde donde se env\u00edan las cookies y trata los datos que se obtengan, podemos distinguir entre Cookies propias y de terceros.<\/p>\n<ul>\n<li><strong>Cookies propias<\/strong> son aquellas cookies que son enviadas al ordenador del usuario y son gestionadas exclusivamente por nosotros para el mejor funcionamiento del Sitio Web. La informaci\u00f3n que recabamos se emplea para mejorar la calidad de nuestro servicio y tu experiencia como usuario.<\/li>\n<li><strong>Cookies de terceros, <\/strong>cuando el usuario interact\u00faa con el contenido de nuestro sitio Web tambi\u00e9n pueden establecerse cookies de terceros (por ejemplo, al pulsar botones de redes sociales o visionar v\u00eddeos alojados en otro sitio web), que son aquellas establecidas por un dominio diferente de nuestro Sitio Web. No podemos acceder a los datos almacenados en las cookies de otros sitios web cuando navegues en los citados sitios web.<\/li>\n<\/ul>\n<p>\u00a0<\/p>\n\t\t\t\t\t\t<\/div>\n\t\t\t\t<\/div>\n\t\t\t\t\t<\/div>\n\t\t<\/div>\n\t\t\t\t\t\t\t<\/div>\n\t\t<\/section>\n\t\t\t\t\t\t\t<\/div>\n\t\t","protected":false},"excerpt":{"rendered":"<p>Concepto de Cookies Las cookies constituyen una herramienta empleada por los servidores Web para almacenar y recuperar informaci\u00f3n acerca de sus visitantes o usuarios. No es m\u00e1s que un fichero de texto que algunos servidores instalan durante la navegaci\u00f3n y que permiten conocer informaci\u00f3n como por ejemplo: el lugar desde el que accede, el tiempo [&hellip;]<\/p>\n","protected":false},"author":1,"featured_media":0,"parent":0,"menu_order":0,"comment_status":"closed","ping_status":"closed","template":"","meta":{"inline_featured_image":false,"footnotes":""},"class_list":["post-861","page","type-page","status-publish","hentry"],"yoast_head":"<!-- This site is optimized with the Yoast SEO plugin v20.7 - https:\/\/yoast.com\/wordpress\/plugins\/seo\/ -->\n<title>Politica sui cookie - SOS Patrimonio<\/title>\n<meta name=\"robots\" content=\"noindex, nofollow\" \/>\n<meta property=\"og:locale\" content=\"it_IT\" \/>\n<meta property=\"og:type\" content=\"article\" \/>\n<meta property=\"og:title\" content=\"Politica sui cookie - SOS Patrimonio\" \/>\n<meta property=\"og:description\" content=\"Concepto de Cookies Las cookies constituyen una herramienta empleada por los servidores Web para almacenar y recuperar informaci\u00f3n acerca de sus visitantes o usuarios. No es m\u00e1s que un fichero de texto que algunos servidores instalan durante la navegaci\u00f3n y que permiten conocer informaci\u00f3n como por ejemplo: el lugar desde el que accede, el tiempo [&hellip;]\" \/>\n<meta property=\"og:url\" content=\"https:\/\/www.sospatrimonio.org\/it\/politica-sui-cookie\/\" \/>\n<meta property=\"og:site_name\" content=\"SOS Patrimonio\" \/>\n<meta property=\"article:modified_time\" content=\"2023-05-08T15:08:26+00:00\" \/>\n<meta property=\"og:image\" content=\"https:\/\/www.sospatrimonio.org\/wp-content\/uploads\/2023\/05\/sos-imagen-1200.jpg\" \/>\n\t<meta property=\"og:image:width\" content=\"1200\" \/>\n\t<meta property=\"og:image:height\" content=\"675\" \/>\n\t<meta property=\"og:image:type\" content=\"image\/jpeg\" \/>\n<meta name=\"twitter:card\" content=\"summary_large_image\" \/>\n<meta name=\"twitter:label1\" content=\"Tempo di lettura stimato\" \/>\n\t<meta name=\"twitter:data1\" content=\"4 minuti\" \/>\n<script type=\"application\/ld+json\" class=\"yoast-schema-graph\">{\"@context\":\"https:\/\/schema.org\",\"@graph\":[{\"@type\":\"WebPage\",\"@id\":\"https:\/\/www.sospatrimonio.org\/it\/politica-sui-cookie\/\",\"url\":\"https:\/\/www.sospatrimonio.org\/it\/politica-sui-cookie\/\",\"name\":\"Politica sui cookie - SOS Patrimonio\",\"isPartOf\":{\"@id\":\"https:\/\/www.sospatrimonio.org\/#website\"},\"datePublished\":\"2023-05-05T12:57:00+00:00\",\"dateModified\":\"2023-05-08T15:08:26+00:00\",\"breadcrumb\":{\"@id\":\"https:\/\/www.sospatrimonio.org\/it\/politica-sui-cookie\/#breadcrumb\"},\"inLanguage\":\"it-IT\",\"potentialAction\":[{\"@type\":\"ReadAction\",\"target\":[\"https:\/\/www.sospatrimonio.org\/it\/politica-sui-cookie\/\"]}]},{\"@type\":\"BreadcrumbList\",\"@id\":\"https:\/\/www.sospatrimonio.org\/it\/politica-sui-cookie\/#breadcrumb\",\"itemListElement\":[{\"@type\":\"ListItem\",\"position\":1,\"name\":\"Portada\",\"item\":\"https:\/\/www.sospatrimonio.org\/it\/\"},{\"@type\":\"ListItem\",\"position\":2,\"name\":\"Politica sui cookie\"}]},{\"@type\":\"WebSite\",\"@id\":\"https:\/\/www.sospatrimonio.org\/#website\",\"url\":\"https:\/\/www.sospatrimonio.org\/\",\"name\":\"SOS Patrimonio\",\"description\":\"Ay\u00fadanos a proteger el Patrimonio Cultural Subacu\u00e1tico\",\"publisher\":{\"@id\":\"https:\/\/www.sospatrimonio.org\/#organization\"},\"potentialAction\":[{\"@type\":\"SearchAction\",\"target\":{\"@type\":\"EntryPoint\",\"urlTemplate\":\"https:\/\/www.sospatrimonio.org\/?s={search_term_string}\"},\"query-input\":\"required name=search_term_string\"}],\"inLanguage\":\"it-IT\"},{\"@type\":\"Organization\",\"@id\":\"https:\/\/www.sospatrimonio.org\/#organization\",\"name\":\"SOS Patrimonio\",\"url\":\"https:\/\/www.sospatrimonio.org\/\",\"logo\":{\"@type\":\"ImageObject\",\"inLanguage\":\"it-IT\",\"@id\":\"https:\/\/www.sospatrimonio.org\/#\/schema\/logo\/image\/\",\"url\":\"https:\/\/www.sospatrimonio.org\/wp-content\/uploads\/2023\/05\/sos-imagen-212.jpg\",\"contentUrl\":\"https:\/\/www.sospatrimonio.org\/wp-content\/uploads\/2023\/05\/sos-imagen-212.jpg\",\"width\":212,\"height\":212,\"caption\":\"SOS Patrimonio\"},\"image\":{\"@id\":\"https:\/\/www.sospatrimonio.org\/#\/schema\/logo\/image\/\"}}]}<\/script>\n<!-- \/ Yoast SEO plugin. -->","yoast_head_json":{"title":"Politica sui cookie - SOS Patrimonio","robots":{"index":"noindex","follow":"nofollow"},"og_locale":"it_IT","og_type":"article","og_title":"Politica sui cookie - SOS Patrimonio","og_description":"Concepto de Cookies Las cookies constituyen una herramienta empleada por los servidores Web para almacenar y recuperar informaci\u00f3n acerca de sus visitantes o usuarios. No es m\u00e1s que un fichero de texto que algunos servidores instalan durante la navegaci\u00f3n y que permiten conocer informaci\u00f3n como por ejemplo: el lugar desde el que accede, el tiempo [&hellip;]","og_url":"https:\/\/www.sospatrimonio.org\/it\/politica-sui-cookie\/","og_site_name":"SOS Patrimonio","article_modified_time":"2023-05-08T15:08:26+00:00","og_image":[{"width":1200,"height":675,"url":"https:\/\/www.sospatrimonio.org\/wp-content\/uploads\/2023\/05\/sos-imagen-1200.jpg","type":"image\/jpeg"}],"twitter_card":"summary_large_image","twitter_misc":{"Tempo di lettura stimato":"4 minuti"},"schema":{"@context":"https:\/\/schema.org","@graph":[{"@type":"WebPage","@id":"https:\/\/www.sospatrimonio.org\/it\/politica-sui-cookie\/","url":"https:\/\/www.sospatrimonio.org\/it\/politica-sui-cookie\/","name":"Politica sui cookie - SOS Patrimonio","isPartOf":{"@id":"https:\/\/www.sospatrimonio.org\/#website"},"datePublished":"2023-05-05T12:57:00+00:00","dateModified":"2023-05-08T15:08:26+00:00","breadcrumb":{"@id":"https:\/\/www.sospatrimonio.org\/it\/politica-sui-cookie\/#breadcrumb"},"inLanguage":"it-IT","potentialAction":[{"@type":"ReadAction","target":["https:\/\/www.sospatrimonio.org\/it\/politica-sui-cookie\/"]}]},{"@type":"BreadcrumbList","@id":"https:\/\/www.sospatrimonio.org\/it\/politica-sui-cookie\/#breadcrumb","itemListElement":[{"@type":"ListItem","position":1,"name":"Portada","item":"https:\/\/www.sospatrimonio.org\/it\/"},{"@type":"ListItem","position":2,"name":"Politica sui cookie"}]},{"@type":"WebSite","@id":"https:\/\/www.sospatrimonio.org\/#website","url":"https:\/\/www.sospatrimonio.org\/","name":"SOS Patrimonio","description":"Ay\u00fadanos a proteger el Patrimonio Cultural Subacu\u00e1tico","publisher":{"@id":"https:\/\/www.sospatrimonio.org\/#organization"},"potentialAction":[{"@type":"SearchAction","target":{"@type":"EntryPoint","urlTemplate":"https:\/\/www.sospatrimonio.org\/?s={search_term_string}"},"query-input":"required name=search_term_string"}],"inLanguage":"it-IT"},{"@type":"Organization","@id":"https:\/\/www.sospatrimonio.org\/#organization","name":"SOS Patrimonio","url":"https:\/\/www.sospatrimonio.org\/","logo":{"@type":"ImageObject","inLanguage":"it-IT","@id":"https:\/\/www.sospatrimonio.org\/#\/schema\/logo\/image\/","url":"https:\/\/www.sospatrimonio.org\/wp-content\/uploads\/2023\/05\/sos-imagen-212.jpg","contentUrl":"https:\/\/www.sospatrimonio.org\/wp-content\/uploads\/2023\/05\/sos-imagen-212.jpg","width":212,"height":212,"caption":"SOS Patrimonio"},"image":{"@id":"https:\/\/www.sospatrimonio.org\/#\/schema\/logo\/image\/"}}]}},"_links":{"self":[{"href":"https:\/\/www.sospatrimonio.org\/it\/wp-json\/wp\/v2\/pages\/861","targetHints":{"allow":["GET"]}}],"collection":[{"href":"https:\/\/www.sospatrimonio.org\/it\/wp-json\/wp\/v2\/pages"}],"about":[{"href":"https:\/\/www.sospatrimonio.org\/it\/wp-json\/wp\/v2\/types\/page"}],"author":[{"embeddable":true,"href":"https:\/\/www.sospatrimonio.org\/it\/wp-json\/wp\/v2\/users\/1"}],"replies":[{"embeddable":true,"href":"https:\/\/www.sospatrimonio.org\/it\/wp-json\/wp\/v2\/comments?post=861"}],"version-history":[{"count":1,"href":"https:\/\/www.sospatrimonio.org\/it\/wp-json\/wp\/v2\/pages\/861\/revisions"}],"predecessor-version":[{"id":862,"href":"https:\/\/www.sospatrimonio.org\/it\/wp-json\/wp\/v2\/pages\/861\/revisions\/862"}],"wp:attachment":[{"href":"https:\/\/www.sospatrimonio.org\/it\/wp-json\/wp\/v2\/media?parent=861"}],"curies":[{"name":"wp","href":"https:\/\/api.w.org\/{rel}","templated":true}]}}